{"id":3857,"date":"2024-08-26T07:03:37","date_gmt":"2024-08-26T04:03:37","guid":{"rendered":"https:\/\/axiom.fi\/sitemap"},"modified":"2024-08-30T12:07:31","modified_gmt":"2024-08-30T09:07:31","slug":"sitemap","status":"publish","type":"page","link":"https:\/\/axiom.fi\/en\/sitemap","title":{"rendered":"Sitemap"},"content":{"rendered":"\t\t<div data-elementor-type=\"wp-page\" data-elementor-id=\"3857\" class=\"elementor elementor-3857 elementor-3798\" data-elementor-post-type=\"page\">\n\t\t\t\t<div class=\"elementor-element elementor-element-b57e36a e-flex e-con-boxed e-con e-parent\" data-id=\"b57e36a\" data-element_type=\"container\" data-e-type=\"container\">\n\t\t\t\t\t<div class=\"e-con-inner\">\n\t\t\t\t<div class=\"elementor-element elementor-element-d8bee8f elementor-widget elementor-widget-shortcode\" data-id=\"d8bee8f\" data-element_type=\"widget\" data-e-type=\"widget\" data-widget_type=\"shortcode.default\">\n\t\t\t\t<div class=\"elementor-widget-container\">\n\t\t\t\t\t\t\t<div class=\"elementor-shortcode\"><div class=\"rank-math-html-sitemap\"><div class=\"rank-math-html-sitemap__section rank-math-html-sitemap__section--post-type rank-math-html-sitemap__section--post\"><h2 class=\"rank-math-html-sitemap__title\">Posts<\/h2><ul class=\"rank-math-html-sitemap__list\"><li class=\"rank-math-html-sitemap__item\"><a href=\"https:\/\/axiom.fi\/en\/ajankohtaista\/axiom-advisors-appoints-jasse-huhtamaa-as-partner\" class=\"rank-math-html-sitemap__link\">Axiom Advisors Appoints Jasse Huhtamaa as Partner<\/a> <span class=\"rank-math-html-sitemap__date\">(10.09.2024)<\/span><\/li><li class=\"rank-math-html-sitemap__item\"><a href=\"https:\/\/axiom.fi\/en\/ajankohtaista\/axiom-advisors-expands-its-service-offering-by-launching-property-valuation-services\" class=\"rank-math-html-sitemap__link\">Axiom Advisors expands Its Service Offering by Launching Property Valuation Services<\/a> <span class=\"rank-math-html-sitemap__date\">(09.10.2024)<\/span><\/li><li class=\"rank-math-html-sitemap__item\"><a href=\"https:\/\/axiom.fi\/en\/ajankohtaista\/axiom-advisors-expands-its-strategic-advisory-offering-with-tenant-advisory-services\" class=\"rank-math-html-sitemap__link\">Axiom Advisors Expands Its Strategic Advisory Offering with Tenant Advisory Services<\/a> <span class=\"rank-math-html-sitemap__date\">(07.04.2025)<\/span><\/li><li class=\"rank-math-html-sitemap__item\"><a href=\"https:\/\/axiom.fi\/en\/ajankohtaista\/axiom-advisors-upgrades-real-estate-valuation-toolset-with-exquance-software\" class=\"rank-math-html-sitemap__link\">Axiom Advisors kehitt\u00e4\u00e4 kiinteist\u00f6arviointiaan yhteisty\u00f6ss\u00e4 Exquance Softwaren kanssa<\/a> <span class=\"rank-math-html-sitemap__date\">(28.04.2025)<\/span><\/li><li class=\"rank-math-html-sitemap__item\"><a href=\"https:\/\/axiom.fi\/en\/ajankohtaista\/axiom-advisors-appoints-jasse-huhtamaa-as-partner\" class=\"rank-math-html-sitemap__link\">Axiom Advisors kutsuu Jasse Huhtamaan osakkaaksi<\/a> <span class=\"rank-math-html-sitemap__date\">(10.09.2024)<\/span><\/li><li class=\"rank-math-html-sitemap__item\"><a href=\"https:\/\/axiom.fi\/en\/ajankohtaista\/axiom-advisors-expands-its-service-offering-by-launching-property-valuation-services\" class=\"rank-math-html-sitemap__link\">Axiom Advisors laajentaa palveluvalikoimaansa lanseeraamalla kiinteist\u00f6arviointipalvelut<\/a> <span class=\"rank-math-html-sitemap__date\">(09.10.2024)<\/span><\/li><li class=\"rank-math-html-sitemap__item\"><a href=\"https:\/\/axiom.fi\/en\/ajankohtaista\/axiom-advisors-strengthens-its-service-offering-by-expanding-into-commercial-leasing\" class=\"rank-math-html-sitemap__link\">Axiom Advisors laajentaa palveluvalikoimaansa toimitilav\u00e4litykseen<\/a> <span class=\"rank-math-html-sitemap__date\">(03.09.2025)<\/span><\/li><li class=\"rank-math-html-sitemap__item\"><a href=\"https:\/\/axiom.fi\/en\/ajankohtaista\/axiom-advisors-expands-its-strategic-advisory-offering-with-tenant-advisory-services\" class=\"rank-math-html-sitemap__link\">Axiom Advisors laajentaa strategista neuvonantoaan vuokralaisedustukseen<\/a> <span class=\"rank-math-html-sitemap__date\">(07.04.2025)<\/span><\/li><li class=\"rank-math-html-sitemap__item\"><a href=\"https:\/\/axiom.fi\/en\/ajankohtaista\/axiom-advisors-oy-relocates-office-to-helsinki-city-centre\" class=\"rank-math-html-sitemap__link\">Axiom Advisors Oy relocates office to Helsinki City Centre<\/a> <span class=\"rank-math-html-sitemap__date\">(19.08.2025)<\/span><\/li><li class=\"rank-math-html-sitemap__item\"><a href=\"https:\/\/axiom.fi\/en\/ajankohtaista\/axiom-advisors-oy-relocates-office-to-helsinki-city-centre\" class=\"rank-math-html-sitemap__link\">Axiom Advisors Oy:n toimisto on muuttanut<\/a> <span class=\"rank-math-html-sitemap__date\">(19.08.2025)<\/span><\/li><li class=\"rank-math-html-sitemap__item\"><a href=\"https:\/\/axiom.fi\/en\/ajankohtaista\/axiom-advisors-partners-with-varma-for-leasing-of-the-node-a-future-landmark-in-pasila\" class=\"rank-math-html-sitemap__link\">Axiom Advisors Partners with Varma for Leasing of The Node, a Future Landmark in Pasila<\/a> <span class=\"rank-math-html-sitemap__date\">(13.09.2024)<\/span><\/li><li class=\"rank-math-html-sitemap__item\"><a href=\"https:\/\/axiom.fi\/en\/ajankohtaista\/axiom-advisors-responsible-for-leasing-of-eq-commercial-properties-funds-assets-in-the-helsinki-metropolitan-area\" class=\"rank-math-html-sitemap__link\">Axiom Advisors Responsible for Leasing of eQ Commercial Properties Fund\u2019s Assets in the Helsinki Metropolitan Area<\/a> <span class=\"rank-math-html-sitemap__date\">(20.06.2024)<\/span><\/li><li class=\"rank-math-html-sitemap__item\"><a href=\"https:\/\/axiom.fi\/en\/ajankohtaista\/axiom-advisors-strengthens-its-asset-management-team\" class=\"rank-math-html-sitemap__link\">Axiom Advisors Strengthens Its Asset Management Team<\/a> <span class=\"rank-math-html-sitemap__date\">(22.08.2025)<\/span><\/li><li class=\"rank-math-html-sitemap__item\"><a href=\"https:\/\/axiom.fi\/en\/ajankohtaista\/axiom-advisors-strengthens-its-asset-management-team-2\" class=\"rank-math-html-sitemap__link\">Axiom Advisors Strengthens Its Asset Management Team<\/a> <span class=\"rank-math-html-sitemap__date\">(24.09.2025)<\/span><\/li><li class=\"rank-math-html-sitemap__item\"><a href=\"https:\/\/axiom.fi\/en\/ajankohtaista\/axiom-advisors-strengthens-its-asset-management-team-3\" class=\"rank-math-html-sitemap__link\">Axiom Advisors Strengthens Its Asset Management Team<\/a> <span class=\"rank-math-html-sitemap__date\">(10.10.2025)<\/span><\/li><li class=\"rank-math-html-sitemap__item\"><a href=\"https:\/\/axiom.fi\/en\/ajankohtaista\/axiom-advisors-strengthens-its-eq-team\" class=\"rank-math-html-sitemap__link\">Axiom Advisors strengthens its eQ team<\/a> <span class=\"rank-math-html-sitemap__date\">(12.09.2025)<\/span><\/li><li class=\"rank-math-html-sitemap__item\"><a href=\"https:\/\/axiom.fi\/en\/ajankohtaista\/axiom-advisors-strengthens-its-expertise-in-logistics-real-estate-leasing\" class=\"rank-math-html-sitemap__link\">Axiom Advisors strengthens its expertise in logistics real estate leasing<\/a> <span class=\"rank-math-html-sitemap__date\">(20.01.2026)<\/span><\/li><li class=\"rank-math-html-sitemap__item\"><a href=\"https:\/\/axiom.fi\/en\/ajankohtaista\/axiom-advisors-strengthens-its-financial-management-expertise\" class=\"rank-math-html-sitemap__link\">Axiom Advisors strengthens its financial management expertise<\/a> <span class=\"rank-math-html-sitemap__date\">(29.09.2025)<\/span><\/li><li class=\"rank-math-html-sitemap__item\"><a href=\"https:\/\/axiom.fi\/en\/ajankohtaista\/axiom-advisors-strengthens-its-leasing-team\" class=\"rank-math-html-sitemap__link\">Axiom Advisors Strengthens Its Leasing Team<\/a> <span class=\"rank-math-html-sitemap__date\">(10.01.2025)<\/span><\/li><li class=\"rank-math-html-sitemap__item\"><a href=\"https:\/\/axiom.fi\/en\/ajankohtaista\/axiom-advisors-strengthens-its-service-offering-by-expanding-into-commercial-leasing\" class=\"rank-math-html-sitemap__link\">Axiom Advisors strengthens its service offering by expanding into commercial leasing<\/a> <span class=\"rank-math-html-sitemap__date\">(03.09.2025)<\/span><\/li><li class=\"rank-math-html-sitemap__item\"><a href=\"https:\/\/axiom.fi\/en\/ajankohtaista\/axiom-advisors-strengthens-its-valuation-and-consulting-team\" class=\"rank-math-html-sitemap__link\">Axiom Advisors Strengthens Its Valuation and Consulting Team<\/a> <span class=\"rank-math-html-sitemap__date\">(26.11.2024)<\/span><\/li><li class=\"rank-math-html-sitemap__item\"><a href=\"https:\/\/axiom.fi\/en\/ajankohtaista\/axiom-advisors-strengthens-team-with-one-of-finlands-most-experienced-valuers\" class=\"rank-math-html-sitemap__link\">Axiom Advisors Strengthens Team with One of Finland\u2019s Most Experienced Valuers<\/a> <span class=\"rank-math-html-sitemap__date\">(31.03.2025)<\/span><\/li><li class=\"rank-math-html-sitemap__item\"><a href=\"https:\/\/axiom.fi\/en\/ajankohtaista\/axiom-advisors-upgrades-real-estate-valuation-toolset-with-exquance-software\" class=\"rank-math-html-sitemap__link\">Axiom Advisors upgrades real estate valuation toolset with Exquance Software<\/a> <span class=\"rank-math-html-sitemap__date\">(28.04.2025)<\/span><\/li><li class=\"rank-math-html-sitemap__item\"><a href=\"https:\/\/axiom.fi\/en\/ajankohtaista\/axiom-advisors-strengthens-its-valuation-and-consulting-team\" class=\"rank-math-html-sitemap__link\">Axiom Advisors vahvistaa arviointi- ja konsultointitiimi\u00e4\u00e4n<\/a> <span class=\"rank-math-html-sitemap__date\">(26.11.2024)<\/span><\/li><li class=\"rank-math-html-sitemap__item\"><a href=\"https:\/\/axiom.fi\/en\/ajankohtaista\/axiom-advisors-strengthens-its-asset-management-team\" class=\"rank-math-html-sitemap__link\">Axiom Advisors vahvistaa Asset Management -tiimi\u00e4\u00e4n<\/a> <span class=\"rank-math-html-sitemap__date\">(22.08.2025)<\/span><\/li><li class=\"rank-math-html-sitemap__item\"><a href=\"https:\/\/axiom.fi\/en\/ajankohtaista\/axiom-advisors-strengthens-its-asset-management-team-2\" class=\"rank-math-html-sitemap__link\">Axiom Advisors vahvistaa Asset Management -tiimi\u00e4\u00e4n<\/a> <span class=\"rank-math-html-sitemap__date\">(24.09.2025)<\/span><\/li><li class=\"rank-math-html-sitemap__item\"><a href=\"https:\/\/axiom.fi\/en\/ajankohtaista\/axiom-advisors-strengthens-its-asset-management-team-3\" class=\"rank-math-html-sitemap__link\">Axiom Advisors vahvistaa Asset Management -tiimi\u00e4\u00e4n<\/a> <span class=\"rank-math-html-sitemap__date\">(10.10.2025)<\/span><\/li><li class=\"rank-math-html-sitemap__item\"><a href=\"https:\/\/axiom.fi\/en\/ajankohtaista\/axiom-advisors-strengthens-its-eq-team\" class=\"rank-math-html-sitemap__link\">Axiom Advisors vahvistaa eQ -tiimi\u00e4\u00e4n<\/a> <span class=\"rank-math-html-sitemap__date\">(12.09.2025)<\/span><\/li><li class=\"rank-math-html-sitemap__item\"><a href=\"https:\/\/axiom.fi\/en\/ajankohtaista\/axiom-advisors-strengthens-its-expertise-in-logistics-real-estate-leasing\" class=\"rank-math-html-sitemap__link\">Axiom Advisors vahvistaa logistiikkakiinteist\u00f6jen vuokrausosaamistaan<\/a> <span class=\"rank-math-html-sitemap__date\">(20.01.2026)<\/span><\/li><li class=\"rank-math-html-sitemap__item\"><a href=\"https:\/\/axiom.fi\/en\/ajankohtaista\/axiom-advisors-strengthens-its-financial-management-expertise\" class=\"rank-math-html-sitemap__link\">Axiom Advisors vahvistaa taloushallinnon osaamistaan<\/a> <span class=\"rank-math-html-sitemap__date\">(29.09.2025)<\/span><\/li><li class=\"rank-math-html-sitemap__item\"><a href=\"https:\/\/axiom.fi\/en\/ajankohtaista\/axiom-advisors-strengthens-its-leasing-team\" class=\"rank-math-html-sitemap__link\">Axiom Advisors vahvistaa vuokraustiimi\u00e4\u00e4n<\/a> <span class=\"rank-math-html-sitemap__date\">(10.01.2025)<\/span><\/li><li class=\"rank-math-html-sitemap__item\"><a href=\"https:\/\/axiom.fi\/en\/ajankohtaista\/axiom-advisors-responsible-for-leasing-of-eq-commercial-properties-funds-assets-in-the-helsinki-metropolitan-area\" class=\"rank-math-html-sitemap__link\">Axiom Advisors vastaa eQ Liikekiinteist\u00f6t -rahaston kohteiden vuokrauksesta pk-seudulla<\/a> <span class=\"rank-math-html-sitemap__date\">(20.06.2024)<\/span><\/li><li class=\"rank-math-html-sitemap__item\"><a href=\"https:\/\/axiom.fi\/en\/ajankohtaista\/axiom-advisors-partners-with-varma-for-leasing-of-the-node-a-future-landmark-in-pasila\" class=\"rank-math-html-sitemap__link\">Axiom Advisors yhteisty\u00f6h\u00f6n Varman kanssa Pasilan tulevan maamerkin, The Noden, vuokrauksessa<\/a> <span class=\"rank-math-html-sitemap__date\">(13.09.2024)<\/span><\/li><li class=\"rank-math-html-sitemap__item\"><a href=\"https:\/\/axiom.fi\/en\/ajankohtaista\/former-ceo-of-jll-finland-joins-axiom-advisors\" class=\"rank-math-html-sitemap__link\">Former CEO of JLL Finland joins Axiom Advisors<\/a> <span class=\"rank-math-html-sitemap__date\">(16.09.2024)<\/span><\/li><li class=\"rank-math-html-sitemap__item\"><a href=\"https:\/\/axiom.fi\/en\/ajankohtaista\/gem-project-asset-management-is-now-axiom-advisors\" class=\"rank-math-html-sitemap__link\">GEM Project Asset Management is now Axiom Advisors<\/a> <span class=\"rank-math-html-sitemap__date\">(05.06.2024)<\/span><\/li><li class=\"rank-math-html-sitemap__item\"><a href=\"https:\/\/axiom.fi\/en\/ajankohtaista\/gem-project-asset-management-is-now-axiom-advisors\" class=\"rank-math-html-sitemap__link\">GEM Project Asset Management on nyt Axiom Advisors<\/a> <span class=\"rank-math-html-sitemap__date\">(05.06.2024)<\/span><\/li><li class=\"rank-math-html-sitemap__item\"><a href=\"https:\/\/axiom.fi\/en\/ajankohtaista\/keva-and-axiom-advisors-oy-join-forces-to-launch-a-new-real-estate-company\" class=\"rank-math-html-sitemap__link\">Keva and Axiom Advisors Oy join forces to launch a new Real Estate Company<\/a> <span class=\"rank-math-html-sitemap__date\">(15.09.2025)<\/span><\/li><li class=\"rank-math-html-sitemap__item\"><a href=\"https:\/\/axiom.fi\/en\/ajankohtaista\/keva-and-axiom-advisors-oy-join-forces-to-launch-a-new-real-estate-company\" class=\"rank-math-html-sitemap__link\">Keva ja Axiom Advisors Oy perustivat uuden kiinteist\u00f6sijoitusyhti\u00f6n<\/a> <span class=\"rank-math-html-sitemap__date\">(15.09.2025)<\/span><\/li><li class=\"rank-math-html-sitemap__item\"><a href=\"https:\/\/axiom.fi\/en\/ajankohtaista\/former-ceo-of-jll-finland-joins-axiom-advisors\" class=\"rank-math-html-sitemap__link\">Kiinteist\u00f6alan huippuosaajasta Tero Lehtosesta Axiom Advisorsin toimitusjohtaja<\/a> <span class=\"rank-math-html-sitemap__date\">(16.09.2024)<\/span><\/li><li class=\"rank-math-html-sitemap__item\"><a href=\"https:\/\/axiom.fi\/en\/ajankohtaista\/savills-signs-association-agreement-with-axiom-advisors-in-finland\" class=\"rank-math-html-sitemap__link\">Savills signs association agreement with Axiom Advisors in Finland<\/a> <span class=\"rank-math-html-sitemap__date\">(10.03.2025)<\/span><\/li><li class=\"rank-math-html-sitemap__item\"><a href=\"https:\/\/axiom.fi\/en\/ajankohtaista\/savills-signs-association-agreement-with-axiom-advisors-in-finland\" class=\"rank-math-html-sitemap__link\">Savills yhteisty\u00f6h\u00f6n Axiom Advisorsin kanssa<\/a> <span class=\"rank-math-html-sitemap__date\">(10.03.2025)<\/span><\/li><li class=\"rank-math-html-sitemap__item\"><a href=\"https:\/\/axiom.fi\/en\/ajankohtaista\/axiom-advisors-strengthens-team-with-one-of-finlands-most-experienced-valuers\" class=\"rank-math-html-sitemap__link\">Yksi Suomen kokeneimmista arvioitsijoista vahvistamaan Axiom Advisorsin tiimi\u00e4<\/a> <span class=\"rank-math-html-sitemap__date\">(31.03.2025)<\/span><\/li><\/ul><\/div><div class=\"rank-math-html-sitemap__section rank-math-html-sitemap__section--post-type rank-math-html-sitemap__section--page\"><h2 class=\"rank-math-html-sitemap__title\">Pages<\/h2><ul class=\"rank-math-html-sitemap__list\"><li class=\"rank-math-html-sitemap__item\"><a href=\"https:\/\/axiom.fi\/en\/news-updates\" class=\"rank-math-html-sitemap__link\">Ajankohtaista<\/a> <span class=\"rank-math-html-sitemap__date\">(12.08.2024)<\/span><\/li><li class=\"rank-math-html-sitemap__item\"><a href=\"https:\/\/axiom.fi\/en\/contact\" class=\"rank-math-html-sitemap__link\">Contact us<\/a> <span class=\"rank-math-html-sitemap__date\">(27.02.2024)<\/span><\/li><li class=\"rank-math-html-sitemap__item\"><a href=\"https:\/\/axiom.fi\/en\/evastekaytanto\" class=\"rank-math-html-sitemap__link\">Cookie policy<\/a> <span class=\"rank-math-html-sitemap__date\">(28.03.2024)<\/span><\/li><li class=\"rank-math-html-sitemap__item\"><a href=\"https:\/\/axiom.fi\/en\" class=\"rank-math-html-sitemap__link\">Etusivu<\/a> <span class=\"rank-math-html-sitemap__date\">(27.02.2024)<\/span><\/li><li class=\"rank-math-html-sitemap__item\"><a href=\"https:\/\/axiom.fi\/en\/evastekaytanto\" class=\"rank-math-html-sitemap__link\">Ev\u00e4stek\u00e4yt\u00e4nt\u00f6<\/a> <span class=\"rank-math-html-sitemap__date\">(28.03.2024)<\/span><\/li><li class=\"rank-math-html-sitemap__item\"><a href=\"https:\/\/axiom.fi\/en\" class=\"rank-math-html-sitemap__link\">Home page<\/a> <span class=\"rank-math-html-sitemap__date\">(27.02.2024)<\/span><\/li><li class=\"rank-math-html-sitemap__item\"><a href=\"https:\/\/axiom.fi\/en\/news-updates\" class=\"rank-math-html-sitemap__link\">News and Updates<\/a> <span class=\"rank-math-html-sitemap__date\">(12.08.2024)<\/span><\/li><li class=\"rank-math-html-sitemap__item\"><a href=\"https:\/\/axiom.fi\/en\/services\" class=\"rank-math-html-sitemap__link\">Palvelut<\/a> <span class=\"rank-math-html-sitemap__date\">(27.02.2024)<\/span><\/li><li class=\"rank-math-html-sitemap__item\"><a href=\"https:\/\/axiom.fi\/en\/privacy-policy\" class=\"rank-math-html-sitemap__link\">Privacy policy<\/a> <span class=\"rank-math-html-sitemap__date\">(27.02.2024)<\/span><\/li><li class=\"rank-math-html-sitemap__item\"><a href=\"https:\/\/axiom.fi\/en\/references\" class=\"rank-math-html-sitemap__link\">References<\/a> <span class=\"rank-math-html-sitemap__date\">(27.02.2024)<\/span><\/li><li class=\"rank-math-html-sitemap__item\"><a href=\"https:\/\/axiom.fi\/en\/references\" class=\"rank-math-html-sitemap__link\">Referenssit<\/a> <span class=\"rank-math-html-sitemap__date\">(27.02.2024)<\/span><\/li><li class=\"rank-math-html-sitemap__item\"><a href=\"https:\/\/axiom.fi\/en\/services\" class=\"rank-math-html-sitemap__link\">Services<\/a> <span class=\"rank-math-html-sitemap__date\">(27.02.2024)<\/span><\/li><li class=\"rank-math-html-sitemap__item\"><a href=\"https:\/\/axiom.fi\/en\/sitemap\" class=\"rank-math-html-sitemap__link\">Sitemap<\/a> <span class=\"rank-math-html-sitemap__date\">(26.08.2024)<\/span><\/li><li class=\"rank-math-html-sitemap__item\"><a href=\"https:\/\/axiom.fi\/en\/sitemap\" class=\"rank-math-html-sitemap__link\">Sitemap<\/a> <span class=\"rank-math-html-sitemap__date\">(26.08.2024)<\/span><\/li><li class=\"rank-math-html-sitemap__item\"><a href=\"https:\/\/axiom.fi\/en\/privacy-policy\" class=\"rank-math-html-sitemap__link\">Tietosuojaseloste<\/a> <span class=\"rank-math-html-sitemap__date\">(27.02.2024)<\/span><\/li><li class=\"rank-math-html-sitemap__item\"><a href=\"https:\/\/axiom.fi\/en\/contact\" class=\"rank-math-html-sitemap__link\">Yhteystiedot<\/a> <span class=\"rank-math-html-sitemap__date\">(27.02.2024)<\/span><\/li><\/ul><\/div><div class=\"rank-math-html-sitemap__section rank-math-html-sitemap__section--taxonomy rank-math-html-sitemap__section--category\"><h2 class=\"rank-math-html-sitemap__title\">Categories<\/h2><ul class=\"rank-math-html-sitemap__list\"><li class=\"rank-math-html-sitemap__item\"><a href=\"https:\/\/axiom.fi\/en\/ajankohtaista\/category\/uncategorized\" class=\"rank-math-html-sitemap__link\">Uncategorized<\/a><\/li><\/ul><\/div><\/div><\/div>\n\t\t\t\t\t\t<\/div>\n\t\t\t\t<\/div>\n\t\t\t\t<div class=\"elementor-element elementor-element-e366fa7 btn-add-arrow-white elementor-widget elementor-widget-button\" data-id=\"e366fa7\" data-element_type=\"widget\" data-e-type=\"widget\" data-widget_type=\"button.default\">\n\t\t\t\t<div class=\"elementor-widget-container\">\n\t\t\t\t\t\t\t\t\t<div class=\"elementor-button-wrapper\">\n\t\t\t\t\t<a class=\"elementor-button elementor-button-link elementor-size-sm\" href=\"https:\/\/axiom.fi\/en\">\n\t\t\t\t\t\t<span class=\"elementor-button-content-wrapper\">\n\t\t\t\t\t\t\t\t\t<span class=\"elementor-button-text\">Back to Homepage<\/span>\n\t\t\t\t\t<\/span>\n\t\t\t\t\t<\/a>\n\t\t\t\t<\/div>\n\t\t\t\t\t\t\t\t<\/div>\n\t\t\t\t<\/div>\n\t\t\t\t\t<\/div>\n\t\t\t\t<\/div>\n\t\t\t\t<\/div>\n\t\t","protected":false},"excerpt":{"rendered":"<p>Back to Homepage<\/p>\n","protected":false},"author":2,"featured_media":0,"parent":0,"menu_order":0,"comment_status":"closed","ping_status":"closed","template":"elementor_canvas","meta":{"_acf_changed":false,"inline_featured_image":false,"footnotes":""},"class_list":["post-3857","page","type-page","status-publish","hentry"],"acf":[],"_links":{"self":[{"href":"https:\/\/axiom.fi\/en\/wp-json\/wp\/v2\/pages\/3857","targetHints":{"allow":["GET"]}}],"collection":[{"href":"https:\/\/axiom.fi\/en\/wp-json\/wp\/v2\/pages"}],"about":[{"href":"https:\/\/axiom.fi\/en\/wp-json\/wp\/v2\/types\/page"}],"author":[{"embeddable":true,"href":"https:\/\/axiom.fi\/en\/wp-json\/wp\/v2\/users\/2"}],"replies":[{"embeddable":true,"href":"https:\/\/axiom.fi\/en\/wp-json\/wp\/v2\/comments?post=3857"}],"version-history":[{"count":0,"href":"https:\/\/axiom.fi\/en\/wp-json\/wp\/v2\/pages\/3857\/revisions"}],"wp:attachment":[{"href":"https:\/\/axiom.fi\/en\/wp-json\/wp\/v2\/media?parent=3857"}],"curies":[{"name":"wp","href":"https:\/\/api.w.org\/{rel}","templated":true}]}}